{"id":1431,"date":"2023-03-05T16:10:12","date_gmt":"2023-03-05T15:10:12","guid":{"rendered":"http:\/\/lesny-palac.pl\/?page_id=1431"},"modified":"2026-01-06T14:52:01","modified_gmt":"2026-01-06T13:52:01","slug":"oferta","status":"publish","type":"page","link":"http:\/\/lesny-palac.pl\/?page_id=1431","title":{"rendered":"Oferta"},"content":{"rendered":"\t\t<div data-elementor-type=\"wp-page\" data-elementor-id=\"1431\" class=\"elementor elementor-1431\">\n\t\t\t\t\t\t\t\t\t<section class=\"elementor-section elementor-top-section elementor-element elementor-element-88f05d6 elementor-section-height-min-height elementor-section-boxed elementor-section-height-default elementor-section-items-middle elementor-invisible\" data-id=\"88f05d6\" data-element_type=\"section\" data-settings=\"{&quot;background_background&quot;:&quot;classic&quot;,&quot;animation&quot;:&quot;fadeInDown&quot;}\">\n\t\t\t\t\t\t<div class=\"elementor-container elementor-column-gap-default\">\n\t\t\t\t\t<div class=\"elementor-column elementor-col-100 elementor-top-column elementor-element elementor-element-00eb0e3\" data-id=\"00eb0e3\" data-element_type=\"column\">\n\t\t\t<div class=\"elementor-widget-wrap\">\n\t\t\t\t\t\t\t\t\t<\/div>\n\t\t<\/div>\n\t\t\t\t\t\t\t<\/div>\n\t\t<\/section>\n\t\t\t\t<section class=\"elementor-section elementor-top-section elementor-element elementor-element-c724c19 elementor-section-boxed elementor-section-height-default elementor-section-height-default\" data-id=\"c724c19\" data-element_type=\"section\">\n\t\t\t\t\t\t<div class=\"elementor-container elementor-column-gap-default\">\n\t\t\t\t\t<div class=\"elementor-column elementor-col-100 elementor-top-column elementor-element elementor-element-7da52c6\" data-id=\"7da52c6\" data-element_type=\"column\">\n\t\t\t<div class=\"elementor-widget-wrap elementor-element-populated\">\n\t\t\t\t\t\t\t\t<div class=\"elementor-element elementor-element-fc9db3a elementor-widget elementor-widget-spacer\" data-id=\"fc9db3a\" data-element_type=\"widget\" data-widget_type=\"spacer.default\">\n\t\t\t\t<div class=\"elementor-widget-container\">\n\t\t\t<style>\/*! elementor - v3.11.5 - 14-03-2023 *\/\n.elementor-column .elementor-spacer-inner{height:var(--spacer-size)}.e-con{--container-widget-width:100%}.e-con-inner>.elementor-widget-spacer,.e-con>.elementor-widget-spacer{width:var(--container-widget-width,var(--spacer-size));--align-self:var(--container-widget-align-self,initial);--flex-shrink:0}.e-con-inner>.elementor-widget-spacer>.elementor-widget-container,.e-con-inner>.elementor-widget-spacer>.elementor-widget-container>.elementor-spacer,.e-con>.elementor-widget-spacer>.elementor-widget-container,.e-con>.elementor-widget-spacer>.elementor-widget-container>.elementor-spacer{height:100%}.e-con-inner>.elementor-widget-spacer>.elementor-widget-container>.elementor-spacer>.elementor-spacer-inner,.e-con>.elementor-widget-spacer>.elementor-widget-container>.elementor-spacer>.elementor-spacer-inner{height:var(--container-widget-height,var(--spacer-size))}<\/style>\t\t<div class=\"elementor-spacer\">\n\t\t\t<div class=\"elementor-spacer-inner\"><\/div>\n\t\t<\/div>\n\t\t\t\t<\/div>\n\t\t\t\t<\/div>\n\t\t\t\t\t<\/div>\n\t\t<\/div>\n\t\t\t\t\t\t\t<\/div>\n\t\t<\/section>\n\t\t\t\t<section class=\"elementor-section elementor-top-section elementor-element elementor-element-8b7a6c5 elementor-section-boxed elementor-section-height-default elementor-section-height-default\" data-id=\"8b7a6c5\" data-element_type=\"section\">\n\t\t\t\t\t\t<div class=\"elementor-container elementor-column-gap-default\">\n\t\t\t\t\t<div class=\"elementor-column elementor-col-100 elementor-top-column elementor-element elementor-element-0a2d2b2\" data-id=\"0a2d2b2\" data-element_type=\"column\">\n\t\t\t<div class=\"elementor-widget-wrap elementor-element-populated\">\n\t\t\t\t\t\t\t\t<div class=\"elementor-element elementor-element-8aa9714 elementor-invisible elementor-widget elementor-widget-heading\" data-id=\"8aa9714\" data-element_type=\"widget\" data-settings=\"{&quot;_animation&quot;:&quot;zoomIn&quot;,&quot;_animation_delay&quot;:300}\" data-widget_type=\"heading.default\">\n\t\t\t\t<div class=\"elementor-widget-container\">\n\t\t\t<style>\/*! elementor - v3.11.5 - 14-03-2023 *\/\n.elementor-heading-title{padding:0;margin:0;line-height:1}.elementor-widget-heading .elementor-heading-title[class*=elementor-size-]>a{color:inherit;font-size:inherit;line-height:inherit}.elementor-widget-heading .elementor-heading-title.elementor-size-small{font-size:15px}.elementor-widget-heading .elementor-heading-title.elementor-size-medium{font-size:19px}.elementor-widget-heading .elementor-heading-title.elementor-size-large{font-size:29px}.elementor-widget-heading .elementor-heading-title.elementor-size-xl{font-size:39px}.elementor-widget-heading .elementor-heading-title.elementor-size-xxl{font-size:59px}<\/style><h2 class=\"elementor-heading-title elementor-size-xl\">Oferta<\/h2>\t\t<\/div>\n\t\t\t\t<\/div>\n\t\t\t\t\t<\/div>\n\t\t<\/div>\n\t\t\t\t\t\t\t<\/div>\n\t\t<\/section>\n\t\t\t\t<section class=\"elementor-section elementor-top-section elementor-element elementor-element-1ca645a elementor-section-boxed elementor-section-height-default elementor-section-height-default\" data-id=\"1ca645a\" data-element_type=\"section\">\n\t\t\t\t\t\t<div class=\"elementor-container elementor-column-gap-default\">\n\t\t\t\t\t<div class=\"elementor-column elementor-col-100 elementor-top-column elementor-element elementor-element-89ecb25\" data-id=\"89ecb25\" data-element_type=\"column\">\n\t\t\t<div class=\"elementor-widget-wrap elementor-element-populated\">\n\t\t\t\t\t\t\t\t<div class=\"elementor-element elementor-element-27e5d7c elementor-invisible elementor-widget elementor-widget-text-editor\" data-id=\"27e5d7c\" data-element_type=\"widget\" data-settings=\"{&quot;_animation&quot;:&quot;zoomIn&quot;,&quot;_animation_delay&quot;:300}\" data-widget_type=\"text-editor.default\">\n\t\t\t\t<div class=\"elementor-widget-container\">\n\t\t\t<style>\/*! elementor - v3.11.5 - 14-03-2023 *\/\n.elementor-widget-text-editor.elementor-drop-cap-view-stacked .elementor-drop-cap{background-color:#818a91;color:#fff}.elementor-widget-text-editor.elementor-drop-cap-view-framed .elementor-drop-cap{color:#818a91;border:3px solid;background-color:transparent}.elementor-widget-text-editor:not(.elementor-drop-cap-view-default) .elementor-drop-cap{margin-top:8px}.elementor-widget-text-editor:not(.elementor-drop-cap-view-default) .elementor-drop-cap-letter{width:1em;height:1em}.elementor-widget-text-editor .elementor-drop-cap{float:left;text-align:center;line-height:1;font-size:50px}.elementor-widget-text-editor .elementor-drop-cap-letter{display:inline-block}<\/style>\t\t\t\t<h3>Eleganckie uroczysto\u015bci to nasza specjalno\u015b\u0107! Dla naszych go\u015bci organizujemy wszelkiego rodzaju<br>przyj\u0119cia. Oferujemy Pa\u0144stwu klimatyzowan\u0105 sal\u0119, wy\u015bmienit\u0105 kuchni\u0119, obs\u0142ug\u0119 dbaj\u0105c\u0105 o<br>najmniejszy szczeg\u00f3\u0142, pokoje go\u015bcinne oraz prywatny parking.<\/h3>\t\t\t\t\t\t<\/div>\n\t\t\t\t<\/div>\n\t\t\t\t<div class=\"elementor-element elementor-element-c4b4d7e elementor-widget elementor-widget-spacer\" data-id=\"c4b4d7e\" data-element_type=\"widget\" data-widget_type=\"spacer.default\">\n\t\t\t\t<div class=\"elementor-widget-container\">\n\t\t\t\t\t<div class=\"elementor-spacer\">\n\t\t\t<div class=\"elementor-spacer-inner\"><\/div>\n\t\t<\/div>\n\t\t\t\t<\/div>\n\t\t\t\t<\/div>\n\t\t\t\t\t<\/div>\n\t\t<\/div>\n\t\t\t\t\t\t\t<\/div>\n\t\t<\/section>\n\t\t\t\t<section class=\"elementor-section elementor-top-section elementor-element elementor-element-52080e5 elementor-section-boxed elementor-section-height-default elementor-section-height-default\" data-id=\"52080e5\" data-element_type=\"section\">\n\t\t\t\t\t\t<div class=\"elementor-container elementor-column-gap-default\">\n\t\t\t\t\t<div class=\"elementor-column elementor-col-33 elementor-top-column elementor-element elementor-element-b29e391\" data-id=\"b29e391\" data-element_type=\"column\">\n\t\t\t<div class=\"elementor-widget-wrap elementor-element-populated\">\n\t\t\t\t\t\t\t\t<div class=\"elementor-element elementor-element-bf8212e e-transform elementor-widget elementor-widget-image\" data-id=\"bf8212e\" data-element_type=\"widget\" data-settings=\"{&quot;_transform_scale_effect_hover&quot;:{&quot;unit&quot;:&quot;px&quot;,&quot;size&quot;:1.05,&quot;sizes&quot;:[]},&quot;_transform_scale_effect_hover_tablet&quot;:{&quot;unit&quot;:&quot;px&quot;,&quot;size&quot;:&quot;&quot;,&quot;sizes&quot;:[]},&quot;_transform_scale_effect_hover_mobile&quot;:{&quot;unit&quot;:&quot;px&quot;,&quot;size&quot;:&quot;&quot;,&quot;sizes&quot;:[]}}\" data-widget_type=\"image.default\">\n\t\t\t\t<div class=\"elementor-widget-container\">\n\t\t\t<style>\/*! elementor - v3.11.5 - 14-03-2023 *\/\n.elementor-widget-image{text-align:center}.elementor-widget-image a{display:inline-block}.elementor-widget-image a img[src$=\".svg\"]{width:48px}.elementor-widget-image img{vertical-align:middle;display:inline-block}<\/style>\t\t\t\t\t\t\t\t\t\t\t\t<img loading=\"lazy\" decoding=\"async\" width=\"683\" height=\"1024\" src=\"http:\/\/lesny-palac.pl\/wp-content\/uploads\/2026\/01\/LH1A7792-683x1024.jpg\" class=\"attachment-large size-large wp-image-2108\" alt=\"\" srcset=\"http:\/\/lesny-palac.pl\/wp-content\/uploads\/2026\/01\/LH1A7792-683x1024.jpg 683w, http:\/\/lesny-palac.pl\/wp-content\/uploads\/2026\/01\/LH1A7792-200x300.jpg 200w, http:\/\/lesny-palac.pl\/wp-content\/uploads\/2026\/01\/LH1A7792-768x1152.jpg 768w, http:\/\/lesny-palac.pl\/wp-content\/uploads\/2026\/01\/LH1A7792-1024x1536.jpg 1024w, http:\/\/lesny-palac.pl\/wp-content\/uploads\/2026\/01\/LH1A7792-1365x2048.jpg 1365w, http:\/\/lesny-palac.pl\/wp-content\/uploads\/2026\/01\/LH1A7792-scaled.jpg 1707w\" sizes=\"auto, (max-width: 683px) 100vw, 683px\" \/>\t\t\t\t\t\t\t\t\t\t\t\t\t\t\t<\/div>\n\t\t\t\t<\/div>\n\t\t\t\t\t<\/div>\n\t\t<\/div>\n\t\t\t\t<div class=\"elementor-column elementor-col-66 elementor-top-column elementor-element elementor-element-225ef69\" data-id=\"225ef69\" data-element_type=\"column\">\n\t\t\t<div class=\"elementor-widget-wrap elementor-element-populated\">\n\t\t\t\t\t\t\t\t<div class=\"elementor-element elementor-element-5acb44f elementor-widget__width-inherit elementor-invisible elementor-widget elementor-widget-text-editor\" data-id=\"5acb44f\" data-element_type=\"widget\" data-settings=\"{&quot;_animation&quot;:&quot;fadeInRight&quot;}\" data-widget_type=\"text-editor.default\">\n\t\t\t\t<div class=\"elementor-widget-container\">\n\t\t\t\t\t\t\t<h4><b>Wesele<\/b><\/h4><h3><span style=\"background-color: var(--ast-global-color-5);\">Wesele to jedno z najwa\u017cniejszych wydarze\u0144 dw\u00f3jki zakochanych ludzi. Je\u015bli marz\u0105 Pa\u0144stwo, aby ta\u00a0<\/span>uroczysto\u015b\u0107 by\u0142a wyj\u0105tkowa, to trafili Pa\u0144stwo idealnie. Nasze do\u015bwiadczenie w organizacji wesel oraz profesjonalizm obs\u0142ugi pozwol\u0105 Pa\u0144stwu M\u0142odym, aby ten wyj\u0105tkowy dzie\u0144 pozosta\u0142 na d\u0142ugo w pami\u0119ci.<\/h3><h6>\u00a0<\/h6><h6>\u00a0<\/h6><h3><b>Zorganizuj z nami wesele marze\u0144 &#8211; czekamy na Tw\u00f3j kontakt!<\/b><\/h3>\t\t\t\t\t\t<\/div>\n\t\t\t\t<\/div>\n\t\t\t\t\t<\/div>\n\t\t<\/div>\n\t\t\t\t\t\t\t<\/div>\n\t\t<\/section>\n\t\t\t\t<section class=\"elementor-section elementor-top-section elementor-element elementor-element-d8b4d81 elementor-section-boxed elementor-section-height-default elementor-section-height-default\" data-id=\"d8b4d81\" data-element_type=\"section\">\n\t\t\t\t\t\t<div class=\"elementor-container elementor-column-gap-default\">\n\t\t\t\t\t<div class=\"elementor-column elementor-col-100 elementor-top-column elementor-element elementor-element-8a78e3f\" data-id=\"8a78e3f\" data-element_type=\"column\">\n\t\t\t<div class=\"elementor-widget-wrap elementor-element-populated\">\n\t\t\t\t\t\t\t\t<div class=\"elementor-element elementor-element-2fa16af elementor-widget-divider--view-line elementor-widget elementor-widget-divider\" data-id=\"2fa16af\" data-element_type=\"widget\" data-widget_type=\"divider.default\">\n\t\t\t\t<div class=\"elementor-widget-container\">\n\t\t\t<style>\/*! elementor - v3.11.5 - 14-03-2023 *\/\n.elementor-widget-divider{--divider-border-style:none;--divider-border-width:1px;--divider-color:#2c2c2c;--divider-icon-size:20px;--divider-element-spacing:10px;--divider-pattern-height:24px;--divider-pattern-size:20px;--divider-pattern-url:none;--divider-pattern-repeat:repeat-x}.elementor-widget-divider .elementor-divider{display:flex}.elementor-widget-divider .elementor-divider__text{font-size:15px;line-height:1;max-width:95%}.elementor-widget-divider .elementor-divider__element{margin:0 var(--divider-element-spacing);flex-shrink:0}.elementor-widget-divider .elementor-icon{font-size:var(--divider-icon-size)}.elementor-widget-divider .elementor-divider-separator{display:flex;margin:0;direction:ltr}.elementor-widget-divider--view-line_icon .elementor-divider-separator,.elementor-widget-divider--view-line_text .elementor-divider-separator{align-items:center}.elementor-widget-divider--view-line_icon .elementor-divider-separator:after,.elementor-widget-divider--view-line_icon .elementor-divider-separator:before,.elementor-widget-divider--view-line_text .elementor-divider-separator:after,.elementor-widget-divider--view-line_text .elementor-divider-separator:before{display:block;content:\"\";border-bottom:0;flex-grow:1;border-top:var(--divider-border-width) var(--divider-border-style) var(--divider-color)}.elementor-widget-divider--element-align-left .elementor-divider .elementor-divider-separator>.elementor-divider__svg:first-of-type{flex-grow:0;flex-shrink:100}.elementor-widget-divider--element-align-left .elementor-divider-separator:before{content:none}.elementor-widget-divider--element-align-left .elementor-divider__element{margin-left:0}.elementor-widget-divider--element-align-right .elementor-divider .elementor-divider-separator>.elementor-divider__svg:last-of-type{flex-grow:0;flex-shrink:100}.elementor-widget-divider--element-align-right .elementor-divider-separator:after{content:none}.elementor-widget-divider--element-align-right .elementor-divider__element{margin-right:0}.elementor-widget-divider:not(.elementor-widget-divider--view-line_text):not(.elementor-widget-divider--view-line_icon) .elementor-divider-separator{border-top:var(--divider-border-width) var(--divider-border-style) var(--divider-color)}.elementor-widget-divider--separator-type-pattern{--divider-border-style:none}.elementor-widget-divider--separator-type-pattern.elementor-widget-divider--view-line .elementor-divider-separator,.elementor-widget-divider--separator-type-pattern:not(.elementor-widget-divider--view-line) .elementor-divider-separator:after,.elementor-widget-divider--separator-type-pattern:not(.elementor-widget-divider--view-line) .elementor-divider-separator:before,.elementor-widget-divider--separator-type-pattern:not([class*=elementor-widget-divider--view]) .elementor-divider-separator{width:100%;min-height:var(--divider-pattern-height);-webkit-mask-size:var(--divider-pattern-size) 100%;mask-size:var(--divider-pattern-size) 100%;-webkit-mask-repeat:var(--divider-pattern-repeat);mask-repeat:var(--divider-pattern-repeat);background-color:var(--divider-color);-webkit-mask-image:var(--divider-pattern-url);mask-image:var(--divider-pattern-url)}.elementor-widget-divider--no-spacing{--divider-pattern-size:auto}.elementor-widget-divider--bg-round{--divider-pattern-repeat:round}.rtl .elementor-widget-divider .elementor-divider__text{direction:rtl}.e-con-inner>.elementor-widget-divider,.e-con>.elementor-widget-divider{width:var(--container-widget-width,100%);--flex-grow:var(--container-widget-flex-grow)}<\/style>\t\t<div class=\"elementor-divider\">\n\t\t\t<span class=\"elementor-divider-separator\">\n\t\t\t\t\t\t<\/span>\n\t\t<\/div>\n\t\t\t\t<\/div>\n\t\t\t\t<\/div>\n\t\t\t\t\t<\/div>\n\t\t<\/div>\n\t\t\t\t\t\t\t<\/div>\n\t\t<\/section>\n\t\t\t\t<section class=\"elementor-section elementor-top-section elementor-element elementor-element-2be9244 elementor-section-boxed elementor-section-height-default elementor-section-height-default\" data-id=\"2be9244\" data-element_type=\"section\">\n\t\t\t\t\t\t<div class=\"elementor-container elementor-column-gap-default\">\n\t\t\t\t\t<div class=\"elementor-column elementor-col-66 elementor-top-column elementor-element elementor-element-178a30c\" data-id=\"178a30c\" data-element_type=\"column\">\n\t\t\t<div class=\"elementor-widget-wrap elementor-element-populated\">\n\t\t\t\t\t\t\t\t<div class=\"elementor-element elementor-element-60c91d7 elementor-invisible elementor-widget elementor-widget-text-editor\" data-id=\"60c91d7\" data-element_type=\"widget\" data-settings=\"{&quot;_animation&quot;:&quot;fadeInLeft&quot;}\" data-widget_type=\"text-editor.default\">\n\t\t\t\t<div class=\"elementor-widget-container\">\n\t\t\t\t\t\t\t<h4><b>Chrzest \u015awi\u0119ty<\/b><\/h4><div><h3>Chrzest \u015awi\u0119ty to niezwyk\u0142e wydarzenie dla dziecka i ca\u0142ej rodziny. Wiemy jak du\u017cym prze\u017cyciem dla m\u0142odych rodzic\u00f3w jest pierwszy sakrament ich dziecka, a tak\u017ce przygotowanie przyj\u0119cia. Ca\u0142e wydarzenie wymaga wyj\u0105tkowej oprawy, kt\u00f3r\u0105 ch\u0119tnie si\u0119 zajmiemy. Z my\u015bl\u0105 o najm\u0142odszych w restauracji dost\u0119pne s\u0105 krzese\u0142ka, a w toaletach przewijaki.<\/h3><h3>\u00a0<\/h3><h3><br \/><b>Zorganizuj z nami przyj\u0119cie z okazji Chrztu \u015awi\u0119tego &#8211; czekamy na Tw\u00f3j kontakt!<\/b><\/h3><\/div>\t\t\t\t\t\t<\/div>\n\t\t\t\t<\/div>\n\t\t\t\t\t<\/div>\n\t\t<\/div>\n\t\t\t\t<div class=\"elementor-column elementor-col-33 elementor-top-column elementor-element elementor-element-6d6e4bf\" data-id=\"6d6e4bf\" data-element_type=\"column\" data-settings=\"{&quot;background_background&quot;:&quot;classic&quot;}\">\n\t\t\t<div class=\"elementor-widget-wrap elementor-element-populated\">\n\t\t\t\t\t\t\t\t<div class=\"elementor-element elementor-element-9350df3 elementor-widget elementor-widget-image\" data-id=\"9350df3\" data-element_type=\"widget\" data-widget_type=\"image.default\">\n\t\t\t\t<div class=\"elementor-widget-container\">\n\t\t\t\t\t\t\t\t\t\t\t\t\t\t\t<img loading=\"lazy\" decoding=\"async\" width=\"768\" height=\"1024\" src=\"http:\/\/lesny-palac.pl\/wp-content\/uploads\/2026\/01\/IMG-6935-768x1024.jpeg\" class=\"attachment-large size-large wp-image-2120\" alt=\"\" srcset=\"http:\/\/lesny-palac.pl\/wp-content\/uploads\/2026\/01\/IMG-6935-768x1024.jpeg 768w, http:\/\/lesny-palac.pl\/wp-content\/uploads\/2026\/01\/IMG-6935-225x300.jpeg 225w, http:\/\/lesny-palac.pl\/wp-content\/uploads\/2026\/01\/IMG-6935-1152x1536.jpeg 1152w, http:\/\/lesny-palac.pl\/wp-content\/uploads\/2026\/01\/IMG-6935-1536x2048.jpeg 1536w, http:\/\/lesny-palac.pl\/wp-content\/uploads\/2026\/01\/IMG-6935-scaled.jpeg 1920w\" sizes=\"auto, (max-width: 768px) 100vw, 768px\" \/>\t\t\t\t\t\t\t\t\t\t\t\t\t\t\t<\/div>\n\t\t\t\t<\/div>\n\t\t\t\t\t<\/div>\n\t\t<\/div>\n\t\t\t\t\t\t\t<\/div>\n\t\t<\/section>\n\t\t\t\t<section class=\"elementor-section elementor-top-section elementor-element elementor-element-5cb3d16 elementor-section-boxed elementor-section-height-default elementor-section-height-default\" data-id=\"5cb3d16\" data-element_type=\"section\">\n\t\t\t\t\t\t<div class=\"elementor-container elementor-column-gap-default\">\n\t\t\t\t\t<div class=\"elementor-column elementor-col-100 elementor-top-column elementor-element elementor-element-f256b5b\" data-id=\"f256b5b\" data-element_type=\"column\">\n\t\t\t<div class=\"elementor-widget-wrap elementor-element-populated\">\n\t\t\t\t\t\t\t\t<div class=\"elementor-element elementor-element-a87c363 elementor-widget-divider--view-line elementor-widget elementor-widget-divider\" data-id=\"a87c363\" data-element_type=\"widget\" data-widget_type=\"divider.default\">\n\t\t\t\t<div class=\"elementor-widget-container\">\n\t\t\t\t\t<div class=\"elementor-divider\">\n\t\t\t<span class=\"elementor-divider-separator\">\n\t\t\t\t\t\t<\/span>\n\t\t<\/div>\n\t\t\t\t<\/div>\n\t\t\t\t<\/div>\n\t\t\t\t\t<\/div>\n\t\t<\/div>\n\t\t\t\t\t\t\t<\/div>\n\t\t<\/section>\n\t\t\t\t<section class=\"elementor-section elementor-top-section elementor-element elementor-element-ba6daa2 elementor-section-boxed elementor-section-height-default elementor-section-height-default\" data-id=\"ba6daa2\" data-element_type=\"section\">\n\t\t\t\t\t\t<div class=\"elementor-container elementor-column-gap-default\">\n\t\t\t\t\t<div class=\"elementor-column elementor-col-33 elementor-top-column elementor-element elementor-element-4aff876\" data-id=\"4aff876\" data-element_type=\"column\">\n\t\t\t<div class=\"elementor-widget-wrap elementor-element-populated\">\n\t\t\t\t\t\t\t\t<div class=\"elementor-element elementor-element-f60885d elementor-widget elementor-widget-image\" data-id=\"f60885d\" data-element_type=\"widget\" data-widget_type=\"image.default\">\n\t\t\t\t<div class=\"elementor-widget-container\">\n\t\t\t\t\t\t\t\t\t\t\t\t\t\t\t<img loading=\"lazy\" decoding=\"async\" width=\"768\" height=\"1024\" src=\"http:\/\/lesny-palac.pl\/wp-content\/uploads\/2026\/01\/Bez-nazwy-768x1024.png\" class=\"attachment-large size-large wp-image-2123\" alt=\"\" srcset=\"http:\/\/lesny-palac.pl\/wp-content\/uploads\/2026\/01\/Bez-nazwy-768x1024.png 768w, http:\/\/lesny-palac.pl\/wp-content\/uploads\/2026\/01\/Bez-nazwy-225x300.png 225w, http:\/\/lesny-palac.pl\/wp-content\/uploads\/2026\/01\/Bez-nazwy-1152x1536.png 1152w, http:\/\/lesny-palac.pl\/wp-content\/uploads\/2026\/01\/Bez-nazwy-1536x2048.png 1536w, http:\/\/lesny-palac.pl\/wp-content\/uploads\/2026\/01\/Bez-nazwy-scaled.png 1920w\" sizes=\"auto, (max-width: 768px) 100vw, 768px\" \/>\t\t\t\t\t\t\t\t\t\t\t\t\t\t\t<\/div>\n\t\t\t\t<\/div>\n\t\t\t\t\t<\/div>\n\t\t<\/div>\n\t\t\t\t<div class=\"elementor-column elementor-col-66 elementor-top-column elementor-element elementor-element-b5485ac\" data-id=\"b5485ac\" data-element_type=\"column\">\n\t\t\t<div class=\"elementor-widget-wrap elementor-element-populated\">\n\t\t\t\t\t\t\t\t<div class=\"elementor-element elementor-element-2c5ce26 elementor-invisible elementor-widget elementor-widget-text-editor\" data-id=\"2c5ce26\" data-element_type=\"widget\" data-settings=\"{&quot;_animation&quot;:&quot;fadeInRight&quot;}\" data-widget_type=\"text-editor.default\">\n\t\t\t\t<div class=\"elementor-widget-container\">\n\t\t\t\t\t\t\t<h4><b>Przyj\u0119cie komunijne<\/b><\/h4><div><h3>Pierwsza Komunia \u015awi\u0119ta to niezwyk\u0142e wydarzenie w \u017cyciu ka\u017cdego dziecka oraz jego rodzic\u00f3w. Co prawda najwa\u017cniejsze jest duchowe do\u015bwiadczenie tego dnia, niemniej dba\u0142o\u015b\u0107 o ca\u0142\u0105 jego opraw\u0119 jest r\u00f3wnie istotna. By by\u0142 to czas wyj\u0105tkowy, sp\u0119dzony w gronie rodzinnym, z przyjemno\u015bci\u0105 podejmiemy si\u0119 organizacji przyj\u0119cia.<\/h3><div>\u00a0<\/div><div>\u00a0<\/div><h3><b>Zorganizuj z nami przyj\u0119cie komunijne &#8211; czekamy na Tw\u00f3j kontakt!<\/b><\/h3><\/div><div><b>\u00a0<\/b><\/div>\t\t\t\t\t\t<\/div>\n\t\t\t\t<\/div>\n\t\t\t\t\t<\/div>\n\t\t<\/div>\n\t\t\t\t\t\t\t<\/div>\n\t\t<\/section>\n\t\t\t\t\t\t\t<\/div>\n\t\t","protected":false},"excerpt":{"rendered":"<p>Oferta Eleganckie uroczysto\u015bci to nasza specjalno\u015b\u0107! Dla naszych go\u015bci organizujemy wszelkiego rodzajuprzyj\u0119cia. Oferujemy Pa\u0144stwu klimatyzowan\u0105 sal\u0119, wy\u015bmienit\u0105 kuchni\u0119, obs\u0142ug\u0119 dbaj\u0105c\u0105 onajmniejszy szczeg\u00f3\u0142, pokoje go\u015bcinne oraz prywatny parking. Wesele Wesele to jedno z najwa\u017cniejszych wydarze\u0144 dw\u00f3jki zakochanych ludzi. Je\u015bli marz\u0105 Pa\u0144stwo, aby ta\u00a0uroczysto\u015b\u0107 by\u0142a wyj\u0105tkowa, to trafili Pa\u0144stwo idealnie. Nasze do\u015bwiadczenie w organizacji wesel oraz profesjonalizm &hellip;<\/p>\n<p class=\"read-more\"> <a class=\"\" href=\"http:\/\/lesny-palac.pl\/?page_id=1431\"> <span class=\"screen-reader-text\">Oferta<\/span> Read More &raquo;<\/a><\/p>\n","protected":false},"author":1,"featured_media":0,"parent":0,"menu_order":0,"comment_status":"closed","ping_status":"closed","template":"","meta":{"site-sidebar-layout":"no-sidebar","site-content-layout":"page-builder","ast-global-header-display":"","ast-main-header-display":"","ast-hfb-above-header-display":"","ast-hfb-below-header-display":"","ast-hfb-mobile-header-display":"","site-post-title":"disabled","ast-breadcrumbs-content":"","ast-featured-img":"disabled","footer-sml-layout":"","theme-transparent-header-meta":"","adv-header-id-meta":"","stick-header-meta":"","header-above-stick-meta":"","header-main-stick-meta":"","header-below-stick-meta":"","footnotes":""},"class_list":["post-1431","page","type-page","status-publish","hentry"],"_links":{"self":[{"href":"http:\/\/lesny-palac.pl\/index.php?rest_route=\/wp\/v2\/pages\/1431","targetHints":{"allow":["GET"]}}],"collection":[{"href":"http:\/\/lesny-palac.pl\/index.php?rest_route=\/wp\/v2\/pages"}],"about":[{"href":"http:\/\/lesny-palac.pl\/index.php?rest_route=\/wp\/v2\/types\/page"}],"author":[{"embeddable":true,"href":"http:\/\/lesny-palac.pl\/index.php?rest_route=\/wp\/v2\/users\/1"}],"replies":[{"embeddable":true,"href":"http:\/\/lesny-palac.pl\/index.php?rest_route=%2Fwp%2Fv2%2Fcomments&post=1431"}],"version-history":[{"count":70,"href":"http:\/\/lesny-palac.pl\/index.php?rest_route=\/wp\/v2\/pages\/1431\/revisions"}],"predecessor-version":[{"id":2138,"href":"http:\/\/lesny-palac.pl\/index.php?rest_route=\/wp\/v2\/pages\/1431\/revisions\/2138"}],"wp:attachment":[{"href":"http:\/\/lesny-palac.pl\/index.php?rest_route=%2Fwp%2Fv2%2Fmedia&parent=1431"}],"curies":[{"name":"wp","href":"https:\/\/api.w.org\/{rel}","templated":true}]}}